{"id":2039,"date":"2022-11-30T17:46:38","date_gmt":"2022-11-30T16:46:38","guid":{"rendered":"https:\/\/www.zr3.rw.fau.de\/?page_id=2039"},"modified":"2024-09-04T13:57:45","modified_gmt":"2024-09-04T11:57:45","slug":"erlangen-pre-moot","status":"publish","type":"page","link":"https:\/\/www.zr3.rw.fau.de\/en\/vis-moot\/erlangen-pre-moot\/","title":{"rendered":"Erlangen-N\u00fcrnberg Pre-Moot"},"content":{"rendered":"<p style=\"text-align: center\"><span style=\"font-size: 18pt\">31st Willem C. Vis International Commercial Arbitration Moot<\/span><\/p>\n<p style=\"text-align: center\"><span style=\"font-size: 18pt\"><strong>11th Erlangen-N\u00fcrnberg Pre-Moot, March 8th, 2024<\/strong><\/span><\/p>\n<p><img loading=\"lazy\" decoding=\"async\" class=\"aligncenter wp-image-2411\" src=\"https:\/\/www.zr3.rw.fau.de\/files\/2023\/09\/Erlangen-Premoot-2023-2-scaled.jpg\" alt=\"\" srcset=\"https:\/\/www.zr3.rw.fau.de\/files\/2023\/09\/Erlangen-Premoot-2023-2-scaled.jpg 2560w, https:\/\/www.zr3.rw.fau.de\/files\/2023\/09\/Erlangen-Premoot-2023-2-300x265.jpg 300w, https:\/\/www.zr3.rw.fau.de\/files\/2023\/09\/Erlangen-Premoot-2023-2-1024x905.jpg 1024w, https:\/\/www.zr3.rw.fau.de\/files\/2023\/09\/Erlangen-Premoot-2023-2-768x679.jpg 768w, https:\/\/www.zr3.rw.fau.de\/files\/2023\/09\/Erlangen-Premoot-2023-2-1536x1358.jpg 1536w, https:\/\/www.zr3.rw.fau.de\/files\/2023\/09\/Erlangen-Premoot-2023-2-2048x1811.jpg 2048w, https:\/\/www.zr3.rw.fau.de\/files\/2023\/09\/Erlangen-Premoot-2023-2-124x110.jpg 124w, https:\/\/www.zr3.rw.fau.de\/files\/2023\/09\/Erlangen-Premoot-2023-2-271x240.jpg 271w, https:\/\/www.zr3.rw.fau.de\/files\/2023\/09\/Erlangen-Premoot-2023-2-362x320.jpg 362w, https:\/\/www.zr3.rw.fau.de\/files\/2023\/09\/Erlangen-Premoot-2023-2-532x470.jpg 532w\" \/><\/p>\n<p><strong>March 8th, 2024<\/strong>: Friedrich-Alexander-Universit\u00e4t Erlangen-N\u00fcrnberg, Juridicum (Faculty of Law), Schillerstra\u00dfe 1, Erlangen, Germany (in person only).<\/p>\n<p>The application <strong>deadline is 28 January 2024<\/strong>. There is <strong>no registration fee<\/strong>. Click <a href=\"https:\/\/forms.gle\/Sbe3myVauyFx9YTDA\"><strong>here<\/strong><\/a> to apply.<\/p>\n<p>Please note that the capacity of the Pre-Moot is limited. We will contact you at the beginning of February 2024 to confirm your participation and to allocate you a place on the waiting list respectively. After confirmation of participation, the teams must approve their participation within 10 days, otherwise the confirmation will be cancelled and the place will be given to a team on the waiting list. We are planning up to four pleading sessions held in person. The sessions will be arbitrated by renowned scholars and lawyers as well as experienced coaches from previous years. Food &amp; refreshments will be provided during the day. To round off the event, the teams and arbitrators will be invited to a joint dinner.<\/p>\n<p><strong>Provisional schedule:<\/strong><\/p>\n<table>\n<tbody>\n<tr>\n<td width=\"113\">From 09:45<\/p>\n<p>&nbsp;<\/td>\n<td width=\"491\">\u00a0\u00a0 Reception + Registration<\/td>\n<\/tr>\n<tr>\n<td width=\"113\">10:10<\/p>\n<p>&nbsp;<\/td>\n<td width=\"491\">\u00a0\u00a0 Official Welcome<\/td>\n<\/tr>\n<tr>\n<td width=\"113\">10:30 \u2013 12:00<\/p>\n<p>&nbsp;<\/td>\n<td width=\"491\">\u00a0\u00a0 Pleading 1<\/td>\n<\/tr>\n<tr>\n<td width=\"113\">12:30 \u2013 14:00<\/p>\n<p>&nbsp;<\/td>\n<td width=\"491\">\u00a0\u00a0 Pleading 2<\/td>\n<\/tr>\n<tr>\n<td width=\"113\">14:00 \u2013 15:00<\/p>\n<p>&nbsp;<\/td>\n<td width=\"491\">\u00a0\u00a0 Lunch break<\/td>\n<\/tr>\n<tr>\n<td width=\"113\">15:00 \u2013 16:30<\/p>\n<p>&nbsp;<\/td>\n<td width=\"491\">\u00a0\u00a0 Pleading 3<\/td>\n<\/tr>\n<tr>\n<td width=\"113\">17:00 \u2013 18:30<\/p>\n<p>&nbsp;<\/td>\n<td width=\"491\">\u00a0\u00a0 Pleading 4<\/td>\n<\/tr>\n<tr>\n<td width=\"113\">From 19:30<\/p>\n<p>&nbsp;<\/td>\n<td width=\"491\">\u00a0\u00a0 Drinks and Dinner in local restaurant<\/p>\n<p><em>\u00a0 \u00a0Teams and arbitrators will be invited by the organiser<\/em><\/td>\n<\/tr>\n<\/tbody>\n<\/table>\n<p><strong>***Attention:<\/strong> Your expression of interest does not guarantee participation. Do not make any bookings until your participation has been confirmed by the organiser. Places that have been offered but not accepted within the acceptance period will be allocated immediately to the remaining applicants on a first-come, first-served basis.<strong>***<\/strong><\/p>\n<p>Further Information: On the <a href=\"https:\/\/www.vismoot.org\/eventer\/11th-erlangen-nurnberg-international-pre-moot\/edate\/2024-03-08\/\">official Vis-Moot website<\/a> or email us: <a href=\"mailto:vis-moot@fau.de\">vis-moot@fau.de<\/a>.<\/p>\n","protected":false},"excerpt":{"rendered":"<p>31st Willem C. Vis International Commercial Arbitration Moot 11th Erlangen-N\u00fcrnberg Pre-Moot, March 8th, 2024 March 8th, 2024: Friedrich-Alexander-Universit\u00e4t Erlangen-N\u00fcrnberg, Juridicum (Faculty of Law), Schillerstra\u00dfe 1, Erlangen, Germany (in person only). The application deadline is 28 January 2024. There is no registration fee. Click here to apply. Please note that the capacity of the Pre-Moot is [&hellip;]<\/p>\n","protected":false},"author":509,"featured_media":0,"parent":2026,"menu_order":1,"comment_status":"closed","ping_status":"closed","template":"page-templates\/page-subnav.php","meta":{"_rrze_cache":"enabled","_rrze_multilang_single_locale":"en_GB","_rrze_multilang_single_source":"https:\/\/www.zr3.rw.fau.de\/?page_id=1988","footnotes":""},"page_category":[],"page_tag":[],"class_list":["post-2039","page","type-page","status-publish","hentry","en-GB"],"_links":{"self":[{"href":"https:\/\/www.zr3.rw.fau.de\/wp-json\/wp\/v2\/pages\/2039","targetHints":{"allow":["GET"]}}],"collection":[{"href":"https:\/\/www.zr3.rw.fau.de\/wp-json\/wp\/v2\/pages"}],"about":[{"href":"https:\/\/www.zr3.rw.fau.de\/wp-json\/wp\/v2\/types\/page"}],"author":[{"embeddable":true,"href":"https:\/\/www.zr3.rw.fau.de\/wp-json\/wp\/v2\/users\/509"}],"replies":[{"embeddable":true,"href":"https:\/\/www.zr3.rw.fau.de\/wp-json\/wp\/v2\/comments?post=2039"}],"version-history":[{"count":10,"href":"https:\/\/www.zr3.rw.fau.de\/wp-json\/wp\/v2\/pages\/2039\/revisions"}],"predecessor-version":[{"id":2593,"href":"https:\/\/www.zr3.rw.fau.de\/wp-json\/wp\/v2\/pages\/2039\/revisions\/2593"}],"up":[{"embeddable":true,"href":"https:\/\/www.zr3.rw.fau.de\/wp-json\/wp\/v2\/pages\/2026"}],"wp:attachment":[{"href":"https:\/\/www.zr3.rw.fau.de\/wp-json\/wp\/v2\/media?parent=2039"}],"wp:term":[{"taxonomy":"page_category","embeddable":true,"href":"https:\/\/www.zr3.rw.fau.de\/wp-json\/wp\/v2\/page_category?post=2039"},{"taxonomy":"page_tag","embeddable":true,"href":"https:\/\/www.zr3.rw.fau.de\/wp-json\/wp\/v2\/page_tag?post=2039"}],"curies":[{"name":"wp","href":"https:\/\/api.w.org\/{rel}","templated":true}]}}